{"id":1179,"date":"2019-06-27T15:54:50","date_gmt":"2019-06-27T13:54:50","guid":{"rendered":"http:\/\/www.nextonlus.it\/homepage-fr\/"},"modified":"2019-06-27T15:55:45","modified_gmt":"2019-06-27T13:55:45","slug":"homepage-fr","status":"publish","type":"page","link":"https:\/\/www.nextonlus.it\/fr\/","title":{"rendered":"Homepage fr"},"content":{"rendered":"<div class=\"wpb-content-wrapper\"><p>[vc_row css=\u00a0\u00bb.vc_custom_1542627463420{margin-bottom: 0px !important;}\u00a0\u00bb][vc_column]\n\t\t\t<!-- START Home Slider REVOLUTION SLIDER 6.7.21 --><p class=\"rs-p-wp-fix\"><\/p>\n\t\t\t<rs-module-wrap id=\"rev_slider_1_1_wrapper\" data-source=\"gallery\" style=\"visibility:hidden;background:transparent;padding:0;\">\n\t\t\t\t<rs-module id=\"rev_slider_1_1\" style=\"\" data-version=\"6.7.21\">\n\t\t\t\t\t<rs-slides style=\"overflow: hidden; position: absolute;\">\n\t\t\t\t\t\t<rs-slide style=\"position: absolute;\" data-key=\"rs-1\" data-title=\"Slide\" data-anim=\"adpr:false;\">\n\t\t\t\t\t\t\t<img decoding=\"async\" src=\"\/\/www.nextonlus.it\/wp-content\/plugins\/revslider\/sr6\/assets\/assets\/dummy.png\" alt=\"\" title=\"Homepage fr\" class=\"rev-slidebg tp-rs-img rs-lazyload\" data-lazyload=\"\/\/www.nextonlus.it\/wp-content\/uploads\/2018\/11\/slider-1.jpg\" data-no-retina>\n<!--\n\t\t\t\t\t\t\t--><rs-layer\n\t\t\t\t\t\t\t\tid=\"slider-1-slide-1-layer-5\" \n\t\t\t\t\t\t\t\tclass=\"tp-shape tp-shapewrapper\"\n\t\t\t\t\t\t\t\tdata-type=\"shape\"\n\t\t\t\t\t\t\t\tdata-rsp_ch=\"on\"\n\t\t\t\t\t\t\t\tdata-xy=\"x:c;y:c;\"\n\t\t\t\t\t\t\t\tdata-text=\"fw:100;a:inherit;\"\n\t\t\t\t\t\t\t\tdata-dim=\"w:100%;h:100%;\"\n\t\t\t\t\t\t\t\tdata-basealign=\"slide\"\n\t\t\t\t\t\t\t\tdata-frame_0=\"tp:600;\"\n\t\t\t\t\t\t\t\tdata-frame_1=\"tp:600;sR:10;\"\n\t\t\t\t\t\t\t\tdata-frame_999=\"o:0;tp:600;st:w;sR:8690;\"\n\t\t\t\t\t\t\t\tstyle=\"z-index:5;background-color:rgba(0,0,0,0.15);\"\n\t\t\t\t\t\t\t> \n\t\t\t\t\t\t\t<\/rs-layer><!--\n\n\t\t\t\t\t\t\t--><rs-layer\n\t\t\t\t\t\t\t\tid=\"slider-1-slide-1-layer-1\" \n\t\t\t\t\t\t\t\tdata-type=\"text\"\n\t\t\t\t\t\t\t\tdata-color=\"#ffffff\"\n\t\t\t\t\t\t\t\tdata-rsp_ch=\"on\"\n\t\t\t\t\t\t\t\tdata-xy=\"x:183px;y:c;yo:38px;\"\n\t\t\t\t\t\t\t\tdata-text=\"s:96;l:112;a:inherit;\"\n\t\t\t\t\t\t\t\tdata-vbility=\"f,f,t,t\"\n\t\t\t\t\t\t\t\tdata-frame_0=\"tp:600;\"\n\t\t\t\t\t\t\t\tdata-frame_1=\"tp:600;sR:10;\"\n\t\t\t\t\t\t\t\tdata-frame_999=\"o:0;tp:600;st:w;sR:8690;\"\n\t\t\t\t\t\t\t\tstyle=\"z-index:6;font-family:'Roboto Slab';\"\n\t\t\t\t\t\t\t>Assistenza in ambito<br\/> \nsanitario nel<br\/>\nNord Madagascar \n\t\t\t\t\t\t\t<\/rs-layer><!--\n\n\t\t\t\t\t\t\t--><rs-layer\n\t\t\t\t\t\t\t\tid=\"slider-1-slide-1-layer-7\" \n\t\t\t\t\t\t\t\tdata-type=\"text\"\n\t\t\t\t\t\t\t\tdata-color=\"#ffffff\"\n\t\t\t\t\t\t\t\tdata-rsp_ch=\"on\"\n\t\t\t\t\t\t\t\tdata-xy=\"x:23px;y:c;yo:16px;\"\n\t\t\t\t\t\t\t\tdata-text=\"s:60;l:70;a:inherit;\"\n\t\t\t\t\t\t\t\tdata-vbility=\"t,t,f,f\"\n\t\t\t\t\t\t\t\tdata-frame_0=\"tp:600;\"\n\t\t\t\t\t\t\t\tdata-frame_1=\"tp:600;sR:10;\"\n\t\t\t\t\t\t\t\tdata-frame_999=\"o:0;tp:600;st:w;sR:8690;\"\n\t\t\t\t\t\t\t\tstyle=\"z-index:7;font-family:'Roboto Slab';\"\n\t\t\t\t\t\t\t>Assistenza in ambito<br\/> \nsanitario nel<br\/>\n<strong>Nord Madagascar<\/strong> \n\t\t\t\t\t\t\t<\/rs-layer><!--\n-->\t\t\t\t\t<\/rs-slide>\n\t\t\t\t\t<\/rs-slides>\n\t\t\t\t<\/rs-module>\n\t\t\t\t<script>\n\t\t\t\t\tsetREVStartSize({c: 'rev_slider_1_1',rl:[1240,1024,778,480],el:[],gw:[1240],gh:[868],type:'standard',justify:'',layout:'fullscreen',offsetContainer:'',offset:'',mh:\"0\"});if (window.RS_MODULES!==undefined && window.RS_MODULES.modules!==undefined && window.RS_MODULES.modules[\"revslider11\"]!==undefined) {window.RS_MODULES.modules[\"revslider11\"].once = false;window.revapi1 = undefined;if (window.RS_MODULES.checkMinimal!==undefined) window.RS_MODULES.checkMinimal()}\n\t\t\t\t<\/script>\n\t\t\t<\/rs-module-wrap>\n\t\t\t<!-- END REVOLUTION SLIDER -->\n[\/vc_column][\/vc_row][vc_row full_width=\u00a0\u00bbstretch_row\u00a0\u00bb css=\u00a0\u00bb.vc_custom_1559569392141{margin-bottom: 0px !important;padding-top: 80px !important;padding-bottom: 80px !important;}\u00a0\u00bb][vc_column][vc_row_inner equal_height=\u00a0\u00bbyes\u00a0\u00bb content_placement=\u00a0\u00bbmiddle\u00a0\u00bb][vc_column_inner width=\u00a0\u00bb1\/2&Prime;]<h1 class=\"boc_heading  al_left  \"  style=\"margin-bottom: 20px;margin-top: 0px;color: #333333;font-size: 28px;\"><span>ONG <strong>NEXT<\/strong> onlus<\/span><\/h1>[vc_column_text]<\/p>\n<p style=\"text-align: left;\"><strong><span style=\"color: red;\">next<\/span> per dire futuro, guardare avanti.<br \/>\nPer Luigi Bellini, fondatore della <strong>ONG <span style=\"color: red;\">NEXT<\/span> onlus<\/strong>,<br \/>\n<strong><span style=\"color: red;\">next<\/span><\/strong> vuol dire condurre il Madagascar verso un futuro migliore.<\/strong><\/p>\n<p>&nbsp;<\/p>\n<p>La <span style=\"color: red;\">NEXT<\/span> onlus nasce nel 1998 per volont\u00e0 di un ricercatore scientifico, Luigi Bellini\u00a0il quale, a seguito di un viaggio in Madagascar, profondamente toccato dalle terribili condizioni di vita della stragrande maggioranza (80%) della popolazione, decise di impegnarsi concretamente in un\u2019azione umanitaria dedicandovi ogni sua energia e risorsa.[\/vc_column_text]<div class=\"boc_spacing \" style=\"height: 10px\"><\/div><a\thref=\"\/chi-siamo\/\" \n\t\t\t\tclass=\"button btn_medium_stretched btn_theme_color btn_rounded btn_outline icon_pos_after   \"  target='_self'><span>Scopri di<\/span> <i class='icon icon-plus4'><\/i> <\/a>[\/vc_column_inner][vc_column_inner width=\u00a0\u00bb1\/2&Prime; css=\u00a0\u00bb.vc_custom_1559571934516{padding-top: 40px !important;padding-bottom: 40px !important;}\u00a0\u00bb][vc_single_image alignment=\u00a0\u00bbcenter\u00a0\u00bb image=\u00a0\u00bb216&Prime;][\/vc_column_inner][\/vc_row_inner][\/vc_column][\/vc_row][vc_row full_width=\u00a0\u00bbstretch_row_content\u00a0\u00bb css=\u00a0\u00bb.vc_custom_1559572194929{margin-bottom: 0px !important;}\u00a0\u00bb][vc_column][vc_row_inner equal_height=\u00a0\u00bbyes\u00a0\u00bb content_placement=\u00a0\u00bbmiddle\u00a0\u00bb][vc_column_inner width=\u00a0\u00bb1\/2&Prime; css=\u00a0\u00bb.vc_custom_1559569480777{margin-bottom: 0px !important;padding-top: 275px !important;padding-bottom: 275px !important;background-image: url(http:\/\/www.nextonlus.it\/wp-content\/uploads\/2019\/06\/hp-box-2.jpg?id=220) !important;background-position: center !important;background-repeat: no-repeat !important;background-size: cover !important;}\u00a0\u00bb][\/vc_column_inner][vc_column_inner el_class=\u00a0\u00bbcenter\u00a0\u00bb width=\u00a0\u00bb1\/2&Prime; css=\u00a0\u00bb.vc_custom_1560762620782{margin-bottom: 0px !important;border-top-width: 1px !important;border-bottom-width: 1px !important;padding-top: 60px !important;padding-right: 40px !important;padding-bottom: 60px !important;padding-left: 40px !important;background-color: #fcfcfc !important;border-top-color: #eaeaea !important;border-top-style: solid !important;border-bottom-color: #eaeaea !important;border-bottom-style: solid !important;}\u00a0\u00bb]<h2 class=\"boc_heading  center  \"  style=\"margin-bottom: 20px;margin-top: 0px;color: #333333;font-size: 32px;\"><span>In Madagascar, Perch\u00e9?<\/span><\/h2><div class=\"boc_divider_holder\"><div class=\"boc_divider  \"  style=\"margin-top: 40px;margin-bottom: 40px;width: 60px;margin-left: auto; margin-right: auto;height: 1px;background: #ff1a1a;\"><\/div><\/div>[vc_column_text]Arrivato in Madagascar nel lontano 1996, alla ricerca del serpentello anello di congiunzione tra ovipari e mammiferi, il biologo Luigi Bellini scopr\u00ec una terra vergine, ancora incontaminata; un popolo sofferente e sottomesso alla povert\u00e0 pi\u00f9 assoluta. La sua vita prese una svolta: riun\u00ec i figli, ormai cresciuti e laureati, e spieg\u00f2 loro quello che intendeva fare per il Madagascar e la sua gente. \u201cSono fiera di te\u201d, le disse la figlia. \u201cTu ci hai abbandonato\u201d replic\u00f2 uno dei figli.<br \/>\nE inizi\u00f2 la sua missione. Oggi, a distanza di pi\u00f9 di vent\u2019anni, accanto a Luigi Bellini, durante il suo percorso si sono uniti a lui amici, parenti e familiari tutti. Primo fra tutti <strong>Rino Ciotta<\/strong>, amico e compagno di sempre. Persone che guardano al futuro del Madagascar insieme a lui.[\/vc_column_text]<div class=\"boc_spacing \" style=\"height: 10px\"><\/div><a\thref=\"http:\/\/www.nextonlus.it\/in-madagascar-perche\/\" \n\t\t\t\tclass=\"button btn_medium_stretched btn_theme_color btn_rounded btn_outline icon_pos_after   \"  target='_self'><span>Scopri di<\/span> <i class='icon icon-plus4'><\/i> <\/a>[\/vc_column_inner][\/vc_row_inner][\/vc_column][\/vc_row][vc_row full_width=\u00a0\u00bbstretch_row\u00a0\u00bb css=\u00a0\u00bb.vc_custom_1559918088069{margin-bottom: 0px !important;border-bottom-width: 1px !important;padding-top: 60px !important;padding-bottom: 60px !important;background-color: #f9f9f9 !important;border-bottom-color: #efefef !important;border-bottom-style: solid !important;}\u00a0\u00bb][vc_column][vc_widget_sidebar sidebar_id=\u00a0\u00bbtu_con_noi_next\u00a0\u00bb][\/vc_column][\/vc_row][vc_row full_width=\u00a0\u00bbstretch_row\u00a0\u00bb css=\u00a0\u00bb.vc_custom_1542708652010{margin-bottom: 0px !important;border-top-width: 1px !important;padding-top: 80px !important;padding-bottom: 80px !important;border-top-color: #efefef !important;border-top-style: solid !important;}\u00a0\u00bb][vc_column]<h2 class=\"boc_heading  center  \"  style=\"margin-bottom: 20px;margin-top: 0px;color: #3a3a3a;font-size: 20px;\"><span>In diretta da Diego Suarez<\/span><\/h2><div class=\"boc_divider_holder\"><div class=\"boc_divider  \"  style=\"margin-top: 20px;margin-bottom: 40px;width: 60px;margin-left: auto; margin-right: auto;height: 2px;background: #eeeeee;\"><\/div><\/div>[\/vc_column][\/vc_row][vc_row full_width=\u00a0\u00bbstretch_row\u00a0\u00bb css=\u00a0\u00bb.vc_custom_1559572898743{margin-bottom: 0px !important;border-top-width: 1px !important;padding-top: 18px !important;padding-bottom: 18px !important;background-color: #fcfcfc !important;border-top-color: #eaeaea !important;border-top-style: solid !important;}\u00a0\u00bb][vc_column]<div class=\"text_box  box_no_bgr \"><div class=\"text_box_content with_button\"><h2>Guarda le foto nella nostra Galley<\/h2>\n\t\t\t\t\t<p><\/p>\n\t\t\t\t<\/div><div class=\"btn_holder\"><a\thref=\"http:\/\/www.nextonlus.it\/gallery\/\" \n\t\t\t\t\tclass=\"button  btn_medium btn_dark btn_rounded btn_outline icon_pos_after \"  target='_self'><span>Gallery<\/span> <i class='icon arrow'><\/i> <\/a><\/div><\/div>[\/vc_column][\/vc_row][vc_row full_width=\u00a0\u00bbstretch_row\u00a0\u00bb css=\u00a0\u00bb.vc_custom_1559918226209{margin-bottom: 0px !important;padding-top: 18px !important;padding-bottom: 18px !important;background-color: #3a3a3a !important;}\u00a0\u00bb][vc_column el_class=\u00a0\u00bbwhite_text\u00a0\u00bb][vc_row_inner][vc_column_inner width=\u00a0\u00bb1\/2&Prime;][vc_widget_sidebar sidebar_id=\u00a0\u00bbiscriviti\u00a0\u00bb][\/vc_column_inner][vc_column_inner width=\u00a0\u00bb1\/2&Prime;][vc_widget_sidebar sidebar_id=\u00a0\u00bbnewsletter\u00a0\u00bb][\/vc_column_inner][\/vc_row_inner][\/vc_column][\/vc_row]<\/p>\n<\/div>","protected":false},"excerpt":{"rendered":"<p>[vc_row css=\u00a0\u00bb.vc_custom_1542627463420{margin-bottom: 0px !important;}\u00a0\u00bb][vc_column][\/vc_column][\/vc_row][vc_row full_width=\u00a0\u00bbstretch_row\u00a0\u00bb css=\u00a0\u00bb.vc_custom_1559569392141{margin-bottom: 0px !important;padding-top: 80px !important;padding-bottom: 80px !important;}\u00a0\u00bb][vc_column][vc_row_inner equal_height=\u00a0\u00bbyes\u00a0\u00bb content_placement=\u00a0\u00bbmiddle\u00a0\u00bb][vc_column_inner width=\u00a0\u00bb1\/2&Prime;][vc_column_text] next per dire futuro, guardare avanti. Per Luigi Bellini, fondatore della ONG NEXT onlus, next vuol dire condurre il Madagascar verso un futuro migliore. &nbsp; La NEXT onlus nasce nel 1998 per volont\u00e0 di un ricercatore scientifico, Luigi Bellini\u00a0il quale, a seguito di un viaggio<\/p>\n<div class=\"h10\"><\/div>\n<p><a class=\"more-link2 flat\" href=\"https:\/\/www.nextonlus.it\/fr\/\">Read more<\/a><\/p>\n","protected":false},"author":9,"featured_media":0,"parent":0,"menu_order":1,"comment_status":"closed","ping_status":"closed","template":"","meta":{"footnotes":""},"class_list":["post-1179","page","type-page","status-publish","hentry"],"aioseo_notices":[],"_links":{"self":[{"href":"https:\/\/www.nextonlus.it\/fr\/wp-json\/wp\/v2\/pages\/1179","targetHints":{"allow":["GET"]}}],"collection":[{"href":"https:\/\/www.nextonlus.it\/fr\/wp-json\/wp\/v2\/pages"}],"about":[{"href":"https:\/\/www.nextonlus.it\/fr\/wp-json\/wp\/v2\/types\/page"}],"author":[{"embeddable":true,"href":"https:\/\/www.nextonlus.it\/fr\/wp-json\/wp\/v2\/users\/9"}],"replies":[{"embeddable":true,"href":"https:\/\/www.nextonlus.it\/fr\/wp-json\/wp\/v2\/comments?post=1179"}],"version-history":[{"count":1,"href":"https:\/\/www.nextonlus.it\/fr\/wp-json\/wp\/v2\/pages\/1179\/revisions"}],"predecessor-version":[{"id":1180,"href":"https:\/\/www.nextonlus.it\/fr\/wp-json\/wp\/v2\/pages\/1179\/revisions\/1180"}],"wp:attachment":[{"href":"https:\/\/www.nextonlus.it\/fr\/wp-json\/wp\/v2\/media?parent=1179"}],"curies":[{"name":"wp","href":"https:\/\/api.w.org\/{rel}","templated":true}]}}