{"id":1202,"date":"2019-06-27T16:12:05","date_gmt":"2019-06-27T14:12:05","guid":{"rendered":"http:\/\/www.nextonlus.it\/il-complesso-ospedaliero-en\/le-polyclinique-universitaire-en\/"},"modified":"2019-06-27T16:13:27","modified_gmt":"2019-06-27T14:13:27","slug":"le-polyclinique-universitaire-en","status":"publish","type":"page","link":"https:\/\/www.nextonlus.it\/en\/il-complesso-ospedaliero-en\/le-polyclinique-universitaire-en\/","title":{"rendered":"Le Polyclinique universitaire en"},"content":{"rendered":"<div class=\"wpb-content-wrapper\"><p>[vc_row full_width=&#8221;stretch_row&#8221; css=&#8221;.vc_custom_1559905884706{margin-bottom: 0px !important;padding-top: 80px !important;padding-bottom: 80px !important;}&#8221;][vc_column]<h2 class=\"boc_heading  al_left  \"  style=\"margin-bottom: 20px;margin-top: 0px;color: #333;\"><span>Le Polyclinique<\/span><\/h2>[vc_column_text]Dal 2010 Le Polyclinique \u00a0ospita al suo interno la Facolt\u00e0 di Medicina \u2013co-fondata dalla ONG <span style=\"color: red;\">NEXT<\/span> onlus \u2013 dell\u2019Universit\u00e0 Statale di Antsiranana.<\/p>\n<p>Per aver ricevuto dal Ministero della Sanit\u00e0 Malgascio l\u2019autorizzazione ad operare in tutte le branche della medicina ha ottenuto il titolo di Polyclinique Universitaire.<\/p>\n<p><strong>\u00a0<\/strong>[\/vc_column_text]<div class=\"boc_divider_holder\"><div class=\"boc_divider  \"  style=\"margin-top: 20px;margin-bottom: 40px;width: 60px;margin-left: auto; margin-right: auto;height: 2px;background: #eeeeee;\"><\/div><\/div>[vc_row_inner][vc_column_inner width=&#8221;1\/2&#8243;][vc_column_text]L\u2019ospedale \u00e8 stato, fin dalla sua apertura, dotato di:<\/p>\n<ul>\n<li>blocco operatorio costituito da due sale operatorie con aria condizionata sterile, una sala travaglio, una sala parto con due lettini, sala di neonatologia dotata di due incubatrici ed una sala sterilizzazione;<\/li>\n<li>una sala di terapia sub intensiva;<\/li>\n<li>Pronto Soccorso e sala di osservazione di 6 letti 7gg su7 e 24h su 24;<\/li>\n<li>farmacia;<\/li>\n<li>4 ambulatori;<\/li>\n<li>4 reparti di degenza: maternit\u00e0, pediatria, chirurgia generale e medicina<\/li>\n<li>2 Aule universitarie;<\/li>\n<li>1 ambulanza.<\/li>\n<\/ul>\n<p>Le <strong>Polyclinique Universitaire <span style=\"color: red;\">NEXT<\/span><\/strong> insiste su una superficie di circa 15.000 mq su cui sorgono anche le strutture di servizio:<\/p>\n<ul>\n<li>cucina e mensa;<\/li>\n<li>lavanderia;<\/li>\n<li>sala gruppi elettrogeni e manutenzione;<\/li>\n<li>morgue;<\/li>\n<li>forno per rifiuti.<\/li>\n<\/ul>\n<p>[\/vc_column_text][\/vc_column_inner][vc_column_inner width=&#8221;1\/2&#8243;][vc_single_image alignment=&#8221;center&#8221; image=&#8221;274&#8243;][\/vc_column_inner][\/vc_row_inner][\/vc_column][\/vc_row][vc_row full_width=&#8221;stretch_row&#8221; css=&#8221;.vc_custom_1559905901387{margin-bottom: 0px !important;border-top-width: 1px !important;padding-top: 80px !important;padding-bottom: 80px !important;background-color: #f9f9f9 !important;border-top-color: #e8e8e8 !important;border-top-style: solid !important;}&#8221;][vc_column]<h2 class=\"boc_heading  center  \"  style=\"margin-bottom: 40px;margin-top: 0px;color: #333333;\"><span><strong>Scopri di +<\/strong><\/span><\/h2>[vc_row_inner][vc_column_inner width=&#8221;1\/2&#8243;]<div class=\"acc_holder    \"><div class=\"acc_item\"><h4 class=\"accordion\"><span class=\"acc_control \"><\/span><span class=\"acc_heading\">RISORSE UMANE<\/span><\/h4><div class=\"accordion_content\">Attualmente il personale de Le Polyclinique Univesitaire NEXT \u00e8 composto da 70 unit\u00e0 tra medici, infermieri, tecnici, amministrativi e ausiliari. Tutti di nazionalit\u00e0 malgascia.<\/p>\n<p>Si avvale periodicamente di specialisti expat. I loro interventi sono a titolo gratuito e volontario.<\/div><\/div><div class=\"acc_item\"><h4 class=\"accordion\"><span class=\"acc_control \"><\/span><span class=\"acc_heading\">LE SALE OPERATORIE<\/span><\/h4><div class=\"accordion_content\">Le sale operatorie sono attrezzate per effettuare tutta la chirurgia di urgenza e di elezione: addominale, urologica, ginecologica. Per pazienti adulti e pediatrici. Sono dotate dell\u2019apparecchio di amplificatore di brillanza e radiologia mobile.<\/p>\n<p>Quanto all\u2019attivit\u00e0 chirurgica vascolare e toracica vengono svolti interventi solo in urgenza, non in elezione.<\/p>\n<p>La chirurgia ortopedica, plastica e oculistica viene praticata solo in elezione (ovvero quando sono presenti equipe di specialisti internazionali).<\/p>\n<p>Di seguito, nello specifico, le tipologie operatorie:<\/p>\n<ul>\n<li>chirurgia laparotomica intestinale, gastrica;<\/li>\n<li>chirurgia epato bilio pancreatica;<\/li>\n<li>chirurgia della milza;<\/li>\n<li>chirurgia della parete addominale;<\/li>\n<li>chirurgia urologica; chirurgia ginecologica;<\/li>\n<li>chirurgia della tiroide;<\/li>\n<li>chirurgia oculistica, plastica e ortopedica (limitata a dei periodi programmati).<\/li>\n<\/ul>\n<p><\/div><\/div><div class=\"acc_item\"><h4 class=\"accordion\"><span class=\"acc_control \"><\/span><span class=\"acc_heading\">AMBULATORI<\/span><\/h4><div class=\"accordion_content\">Sono attivi i seguenti ambulatori:<\/p>\n<ul>\n<li>medicina di base: due medici effettuano a turno, tutti i giorni, visite di medicina generale\u00a0;<\/li>\n<li>chirurgia generale con sala operatoria per effettuare operazioni chirurgiche di ortopedia e oculistica ambulatoriali.<\/li>\n<li>urologia;<\/li>\n<li>ostetricia e ginecologia;<\/li>\n<li>cardiologia;<\/li>\n<li>ortopedia; oculistica; chirurgia plastica (solo in presenza di expat).<\/li>\n<\/ul>\n<p><\/div><\/div><\/div>[\/vc_column_inner][vc_column_inner width=&#8221;1\/2&#8243;]<div class=\"acc_holder  no_sibling_toggle   \"><div class=\"acc_item\"><h4 class=\"accordion\"><span class=\"acc_control \"><\/span><span class=\"acc_heading\">RADIOLOGIA E DIAGNOSTICA<\/span><\/h4><div class=\"accordion_content\">\u00c9 la parte pi\u00f9 \u201cantica\u201d di tutto il complesso ospedaliero ed \u00e8 concentrata in una struttura indipendente, Le Samaritain, adiacente a Le Polyclinique Universitaire NEXT.<strong>\u00a0<\/strong><\/div><\/div><div class=\"acc_item\"><h4 class=\"accordion\"><span class=\"acc_control \"><\/span><span class=\"acc_heading\">NEXT di prossima realizzazione:<\/span><\/h4><div class=\"accordion_content\"><\/p>\n<ul>\n<li>Attivazione di un centro dialisi di 5 posti letto. Attrezzature e lettini sono gi\u00e0 pronti;<\/li>\n<li>Attivazione di chirurgia laparoscopica di base.<\/li>\n<li>Attivazione di un ambulatorio di pediatria;<\/li>\n<li>Attivazione reparto di pediatria, gi\u00e0 presente come struttura ma non ancora operativo per mancanza di personale specialistico (expat volontari) per la formazione del personale locale (vedi convenzione Istituto Giannina Gaslini di Genova);<\/li>\n<li>Attivazione di un nuovo reparto di radiologia digitatale e scanner multistrati;<\/li>\n<li>Attivazione di un ambulatorio odontoiatrico;<\/li>\n<li>Acquisizione di nuova ambulanza 4\u00d74;<\/li>\n<li>Acquisizione di un nuovo apparecchio di anestesia e di un apparecchio di emogasanalisi.<\/li>\n<\/ul>\n<p><\/div><\/div><\/div>[\/vc_column_inner][\/vc_row_inner][\/vc_column][\/vc_row]<\/p>\n<\/div>","protected":false},"excerpt":{"rendered":"<p>[vc_row full_width=&#8221;stretch_row&#8221; css=&#8221;.vc_custom_1559905884706{margin-bottom: 0px !important;padding-top: 80px !important;padding-bottom: 80px !important;}&#8221;][vc_column][vc_column_text]Dal 2010 Le Polyclinique \u00a0ospita al suo interno la Facolt\u00e0 di Medicina \u2013co-fondata dalla ONG NEXT onlus \u2013 dell\u2019Universit\u00e0 Statale di Antsiranana. Per aver ricevuto dal Ministero della Sanit\u00e0 Malgascio l\u2019autorizzazione ad operare in tutte le branche della medicina ha ottenuto il titolo di Polyclinique Universitaire. \u00a0[\/vc_column_text][vc_row_inner][vc_column_inner width=&#8221;1\/2&#8243;][vc_column_text]L\u2019ospedale \u00e8 stato, fin dalla<\/p>\n<div class=\"h10\"><\/div>\n<p><a class=\"more-link2 flat\" href=\"https:\/\/www.nextonlus.it\/en\/il-complesso-ospedaliero-en\/le-polyclinique-universitaire-en\/\">Read more<\/a><\/p>\n","protected":false},"author":9,"featured_media":0,"parent":1189,"menu_order":1,"comment_status":"closed","ping_status":"closed","template":"","meta":{"footnotes":""},"class_list":["post-1202","page","type-page","status-publish","hentry"],"aioseo_notices":[],"_links":{"self":[{"href":"https:\/\/www.nextonlus.it\/en\/wp-json\/wp\/v2\/pages\/1202","targetHints":{"allow":["GET"]}}],"collection":[{"href":"https:\/\/www.nextonlus.it\/en\/wp-json\/wp\/v2\/pages"}],"about":[{"href":"https:\/\/www.nextonlus.it\/en\/wp-json\/wp\/v2\/types\/page"}],"author":[{"embeddable":true,"href":"https:\/\/www.nextonlus.it\/en\/wp-json\/wp\/v2\/users\/9"}],"replies":[{"embeddable":true,"href":"https:\/\/www.nextonlus.it\/en\/wp-json\/wp\/v2\/comments?post=1202"}],"version-history":[{"count":1,"href":"https:\/\/www.nextonlus.it\/en\/wp-json\/wp\/v2\/pages\/1202\/revisions"}],"predecessor-version":[{"id":1203,"href":"https:\/\/www.nextonlus.it\/en\/wp-json\/wp\/v2\/pages\/1202\/revisions\/1203"}],"up":[{"embeddable":true,"href":"https:\/\/www.nextonlus.it\/en\/wp-json\/wp\/v2\/pages\/1189"}],"wp:attachment":[{"href":"https:\/\/www.nextonlus.it\/en\/wp-json\/wp\/v2\/media?parent=1202"}],"curies":[{"name":"wp","href":"https:\/\/api.w.org\/{rel}","templated":true}]}}