{"id":1197,"date":"2019-06-27T16:06:46","date_gmt":"2019-06-27T14:06:46","guid":{"rendered":"http:\/\/www.nextonlus.it\/il-complesso-ospedaliero-en\/universita-en\/"},"modified":"2019-06-27T16:07:45","modified_gmt":"2019-06-27T14:07:45","slug":"universita-en","status":"publish","type":"page","link":"https:\/\/www.nextonlus.it\/en\/il-complesso-ospedaliero-en\/universita-en\/","title":{"rendered":"Universit\u00e0 en"},"content":{"rendered":"<div class=\"wpb-content-wrapper\"><p>[vc_row full_width=&#8221;stretch_row&#8221; css=&#8221;.vc_custom_1559744813188{margin-bottom: 0px !important;padding-top: 80px !important;padding-bottom: 80px !important;}&#8221;][vc_column]<h2 class=\"boc_heading  al_left  \"  style=\"margin-bottom: 20px;margin-top: 0px;color: #333;\"><span>Le Polyclinique <strong>Universitaire <\/strong><\/span><\/h2>[vc_column_text]Dal settembre 2010, la ONG <span style=\"color: red;\">NEXT<\/span> onlus ha visto la sua partecipazione alla fondazione della <strong>Facolt\u00e0 di Medicina e Chirurgia <\/strong>di Antsiranana con un Accordo firmato dal Ministro della Pubblica Istruzione e dal Rettore dell\u2019Universit\u00e0 di Antsiranana.<\/p>\n<p>L\u2019ospedale Le Polyclinique NEXT \u00e8 diventato quindi sede dell\u2019Universit\u00e0 e ha assunto la denominazione di Polyclinique Universitaire.[\/vc_column_text]<div class=\"boc_divider_holder\"><div class=\"boc_divider  \"  style=\"margin-top: 20px;margin-bottom: 20px;width: 60px;margin-left: auto; margin-right: auto;height: 2px;background: #eeeeee;\"><\/div><\/div>[vc_row_inner][vc_column_inner width=&#8221;2\/3&#8243;][vc_column_text]A novembre 2010 \u00e8 stato avviato il primo anno del corso di medicina a numero chiuso con 25 studenti selezionati con rigorosi criteri di merito.<\/p>\n<p>Nello stesso periodo la ONG <span style=\"color: red;\">NEXT<\/span> onlus, la seconda Universit\u00e0 di Napoli e l\u2019Universit\u00e0 di Antsiranana hanno sottoscritto un accordo di collaborazione internazionale finalizzato all\u2019integrazione dei programmi di studio.<\/p>\n<p>Dal 2016 Umberto Valente, Professore Emerito di Chirurgia dell\u2019Universit\u00e0 agli Studi di Genova, \u00e8 diventato Professore di Chirurgia e Formatore presso Universit\u00e0 di Antsiranana.<\/p>\n<p>A luglio del 2018 si \u00e8 concluso il primo corso di studi della Facolt\u00e0 di Medicina e si sono laureati i primi 20 medici malgasci.<\/p>\n<p>Nel marzo 2019 viene sottoscritto tra l\u2019Universit\u00e0 di Genova e l\u2019Universit\u00e0 di Antsiranana un accordo collaborativo che prevede scambi di studenti, specializzandi e docenti nonch\u00e9 collaborazioni scientifiche e didattiche, attualmente non presenti.<\/p>\n<p>L\u2019obbiettivo \u00e8 quello di riuscire a formare anche medici specialisti nelle specialit\u00e0 di base, ancora tutt\u2019oggi non presenti in tutto il Madagascar.[\/vc_column_text][\/vc_column_inner][vc_column_inner width=&#8221;1\/3&#8243;][vc_single_image alignment=&#8221;center&#8221; image=&#8221;216&#8243;][\/vc_column_inner][\/vc_row_inner][vc_column_text][\/vc_column_text][\/vc_column][\/vc_row][vc_row][vc_column width=&#8221;1\/3&#8243;][vc_single_image alignment=&#8221;center&#8221; image=&#8221;216&#8243;][\/vc_column][vc_column width=&#8221;2\/3&#8243;][vc_column_text]Inoltre, stante l\u2019assenza di specialisti pediatri e l\u2019altissima mortalit\u00e0 materno- infantile ancora presente \u00e8 stato sottoscritto un formale accordo collaborativo tra Le Polyclinique Universitaire NEXT e l\u2019Istituto Pediatrico Giannina Gaslini di Genova al fine di formare pediatri malgasci.<\/p>\n<p>La collaborazione tra le due Universit\u00e0 (Genova e Antsiranana) investe non solo la Facolt\u00e0 di Medicina ma anche quella di Ingegneria al fine di portare avanti Progetti di energia pulita, telemedicina e reti informatiche gestionali ospedaliere.<\/p>\n<p>Il complesso ospedaliero della ONG <span style=\"color: red;\">NEXT<\/span> onlus rappresenta per l\u2019Universit\u00e0 di Antsiranana un punto fermo e fondamentale, non solo per le strutture e i medici formatori presenti ma anche, fattore da non sottovalutare, per la possibilit\u00e0 di avere l\u2019accesso illimitato ad internet.<\/p>\n<p>In un Paese dove l\u2019energia elettrica e internet \u00e8 ancora appannaggio di pochi, la possibilit\u00e0 di consultare on-line il materiale bibliografico sia per i professionisti impegnati nella ricerca che per gli studenti (per la consultazione testi e la preparazione di tesi di laurea) rappresenta una grande risorsa.<strong>\u00a0<\/strong>[\/vc_column_text][\/vc_column][\/vc_row][vc_row][vc_column][vc_row_inner][vc_column_inner]<div class=\"boc_spacing \" style=\"height: 20px\"><\/div>[\/vc_column_inner][\/vc_row_inner][\/vc_column][\/vc_row][vc_row][vc_column width=&#8221;2\/3&#8243;]<h2 class=\"boc_heading  al_left  \"  style=\"margin-bottom: 20px;margin-top: 0px;color: #333;\"><span>Fino ad oggi, la ONG <strong>NEXT<\/strong> onlus ha formato i seguenti collaboratori malgasci:<\/span><\/h2>[vc_column_text]<\/p>\n<ul>\n<li>una religiosa laureata in Medicina presso l\u2019Universit\u00e0 di Mahajanga, in Madagascar;<\/li>\n<li>una religiosa laureata in Economia presso l\u2019Universit\u00e0 &#8220;Cattolica&#8221; di Roma, Italia;<\/li>\n<li>una religiosa biologa per un approfondimento in Parassitologia della durata di tre mesi presso l\u2019Universit\u00e0 di Pisa, Italia e laurea specialistica in Biologia Clinica;<\/li>\n<li>un medico specialista con borsa di studio della durata di un anno in Diagnostica Neurologica presso l\u2019Universit\u00e0 di Pisa, Italia;<\/li>\n<li>un medico specialista con borsa di studio in Cardiologia presso l\u2019Ospedale di Benevento;<\/li>\n<li>due studenti in Economia presso Universit\u00e0 di Benevento, Italia, per un corso di laurea triennale;<\/li>\n<li>un ingegnere elettronico in formazione presso industria di elettromedicali a Caserta;<\/li>\n<li>tre medici in formazione presso Ospedale Pubblico di Benevento.<\/li>\n<\/ul>\n<p><strong>Recentemente sono stati formati medici e infermieri in nefrologia e dialisi, in previsione della apertura di un centro di emodialisi di 5 posti letto.<\/strong>[\/vc_column_text][\/vc_column][vc_column width=&#8221;1\/3&#8243;][vc_single_image alignment=&#8221;center&#8221; image=&#8221;216&#8243;][\/vc_column][\/vc_row]<\/p>\n<\/div>","protected":false},"excerpt":{"rendered":"<p>[vc_row full_width=&#8221;stretch_row&#8221; css=&#8221;.vc_custom_1559744813188{margin-bottom: 0px !important;padding-top: 80px !important;padding-bottom: 80px !important;}&#8221;][vc_column][vc_column_text]Dal settembre 2010, la ONG NEXT onlus ha visto la sua partecipazione alla fondazione della Facolt\u00e0 di Medicina e Chirurgia di Antsiranana con un Accordo firmato dal Ministro della Pubblica Istruzione e dal Rettore dell\u2019Universit\u00e0 di Antsiranana. L\u2019ospedale Le Polyclinique NEXT \u00e8 diventato quindi sede dell\u2019Universit\u00e0 e ha assunto la denominazione di<\/p>\n<div class=\"h10\"><\/div>\n<p><a class=\"more-link2 flat\" href=\"https:\/\/www.nextonlus.it\/en\/il-complesso-ospedaliero-en\/universita-en\/\">Read more<\/a><\/p>\n","protected":false},"author":9,"featured_media":0,"parent":1189,"menu_order":0,"comment_status":"closed","ping_status":"closed","template":"","meta":{"footnotes":""},"class_list":["post-1197","page","type-page","status-publish","hentry"],"aioseo_notices":[],"_links":{"self":[{"href":"https:\/\/www.nextonlus.it\/en\/wp-json\/wp\/v2\/pages\/1197","targetHints":{"allow":["GET"]}}],"collection":[{"href":"https:\/\/www.nextonlus.it\/en\/wp-json\/wp\/v2\/pages"}],"about":[{"href":"https:\/\/www.nextonlus.it\/en\/wp-json\/wp\/v2\/types\/page"}],"author":[{"embeddable":true,"href":"https:\/\/www.nextonlus.it\/en\/wp-json\/wp\/v2\/users\/9"}],"replies":[{"embeddable":true,"href":"https:\/\/www.nextonlus.it\/en\/wp-json\/wp\/v2\/comments?post=1197"}],"version-history":[{"count":1,"href":"https:\/\/www.nextonlus.it\/en\/wp-json\/wp\/v2\/pages\/1197\/revisions"}],"predecessor-version":[{"id":1198,"href":"https:\/\/www.nextonlus.it\/en\/wp-json\/wp\/v2\/pages\/1197\/revisions\/1198"}],"up":[{"embeddable":true,"href":"https:\/\/www.nextonlus.it\/en\/wp-json\/wp\/v2\/pages\/1189"}],"wp:attachment":[{"href":"https:\/\/www.nextonlus.it\/en\/wp-json\/wp\/v2\/media?parent=1197"}],"curies":[{"name":"wp","href":"https:\/\/api.w.org\/{rel}","templated":true}]}}