{"id":1189,"date":"2019-06-27T16:02:57","date_gmt":"2019-06-27T14:02:57","guid":{"rendered":"http:\/\/www.nextonlus.it\/il-complesso-ospedaliero-en\/"},"modified":"2019-06-27T16:03:50","modified_gmt":"2019-06-27T14:03:50","slug":"il-complesso-ospedaliero-en","status":"publish","type":"page","link":"https:\/\/www.nextonlus.it\/en\/il-complesso-ospedaliero-en\/","title":{"rendered":"Il Complesso ospedaliero en"},"content":{"rendered":"<div class=\"wpb-content-wrapper\"><p>[vc_row full_width=&#8221;stretch_row&#8221; css=&#8221;.vc_custom_1559738164320{margin-bottom: 0px !important;padding-top: 80px !important;padding-bottom: 80px !important;}&#8221;][vc_column]<h2 class=\"boc_heading  al_left  \"  style=\"margin-bottom: 40px;margin-top: 0px;color: #333333;\"><span>Il Complesso ospedaliero<\/span><\/h2>[vc_column_text]Il Complesso Ospedaliero <span style=\"color: red;\"><strong>NEXT<\/strong><\/span> \u00e8 costituito da due edifici: il pi\u00f9 &#8220;antico&#8221; \u00e8 la sede amministrativa e operativa del Centro Diagnostico Le Samaritain.<\/p>\n<p>Il secondo \u00e8 la sede dell\u2019ospedale umanitario Le Polyclinique al suo interno \u00e8 ospitata, con aule debitamente attrezzate, l\u2019Universit\u00e0 di Antsiranana (Diego Suarez).[\/vc_column_text][\/vc_column][\/vc_row][vc_row full_width=&#8221;stretch_row&#8221; css=&#8221;.vc_custom_1559738236427{margin-bottom: 0px !important;border-top-width: 1px !important;padding-top: 80px !important;padding-bottom: 80px !important;background-color: #fcfcfc !important;border-top-color: #f4f4f4 !important;border-top-style: solid !important;}&#8221;][vc_column][vc_row_inner equal_height=&#8221;yes&#8221; content_placement=&#8221;middle&#8221; gap=&#8221;10&#8243; css=&#8221;.vc_custom_1559740125138{padding-bottom: 40px !important;}&#8221;][vc_column_inner width=&#8221;1\/2&#8243;][vc_single_image alignment=&#8221;center&#8221; image=&#8221;604&#8243;][\/vc_column_inner][vc_column_inner width=&#8221;1\/2&#8243;][vc_column_text]<\/p>\n<h2><strong>Le Polyclinique Universitaire<\/strong><\/h2>\n<p>L\u2019obiettivo della ONG <strong><span style=\"color: red;\">NEXT<\/span><\/strong> onlus di garantire assistenza medica per la maternit\u00e0 e la chirurgia alla popolazione della Regione di Antsiranana (Diego Suarez) e quindi di tutto il Nord del Madagascar \u00e8 stato conseguito, dopo 5 anni di intenso lavoro (dal 2010 al 2014), con la costruzione e l\u2019allestimento medico-sanitario de <strong>Le Polyclinique NEXT<\/strong>.<\/p>\n<p>L\u2019Ospedale ha una superficie coperta di 10.000 mq ed \u00e8 situato alle spalle del Centro Medico Diagnostico Le Samaritain.<\/p>\n<p>La struttura dispone di 120 posti letto ripartiti su tre piani che ospitano i Dipartimenti di Maternit\u00e0, Pediatria, Chirurgia generale e Medicina.<\/p>\n<p>Tutte le stanze di degenza sono a due letti e dotate di bagno e condizionamento.[\/vc_column_text]<a\thref=\"http:\/\/www.nextonlus.it\/il-complesso\/le-policlinique-universitaire\/\" \n\t\t\t\tclass=\"button btn_medium btn_theme_color btn_rounded btn_outline icon_pos_after   \"  target='_self'><span>Scopri di<\/span> <i class='icon icon-plus5'><\/i> <\/a>[\/vc_column_inner][\/vc_row_inner][vc_row_inner equal_height=&#8221;yes&#8221; content_placement=&#8221;middle&#8221; gap=&#8221;10&#8243; css=&#8221;.vc_custom_1559740133918{padding-bottom: 40px !important;}&#8221;][vc_column_inner width=&#8221;1\/2&#8243;][vc_column_text]<\/p>\n<h2><strong>Le Samaritain<\/strong><\/h2>\n<p>Il Centro Medico-Diagnostico <strong>Le Samaritain di Antsiranana<\/strong> (Diego Suarez) \u00e8 stato inaugurato dalla <strong>ONG <span style=\"color: red;\">NEXT<\/span> onlus<\/strong> nel 2006 alla presenza di tutte le Autorit\u00e0 politiche, amministrative e religiose della Provincia omonima. La zona della location fu stabilita dal Ministero della Salute Malgascio, secondo un Piano Nazionale di organizzazione sanitaria, e la scelta cadde su un terreno della Diocesi, alle porte della citt\u00e0 di Antsiranana.<\/p>\n<p>La sua costruzione, iniziata dalla <strong><span style=\"color: red;\">NEXT<\/span> onlus<\/strong> nel 2002, \u00e8 stata resa possibile grazie anche alla partecipazione dell\u2019Ordine delle Suore di S. Giovanni Battista di Roma. La struttura ha una superficie coperta di 3000 mq e una dotazione di attrezzature sanitarie moderne. <strong>Il Centro rappresenta il principale punto di riferimento per la diagnostica clinica in tutto il Nord del Madagascar<\/strong>.<\/p>\n<p>Secondo lo spirito umanitario che muove la <strong><span style=\"color: red;\">NEXT<\/span> onlus<\/strong>, il Centro <strong>Le Samaritain<\/strong> \u00e8 al servizio dell\u2019intera popolazione. Per questo \u00e8 stata adottata, fin dalla sua apertura, una politica che va incontro alle differenti capacit\u00e0 contributive dell\u2019utenza.[\/vc_column_text]<a\thref=\"http:\/\/www.nextonlus.it\/il-complesso\/le-samaritain\/\" \n\t\t\t\tclass=\"button btn_medium btn_theme_color btn_rounded btn_outline icon_pos_after   \"  target='_self'><span>Scopri di<\/span> <i class='icon icon-plus5'><\/i> <\/a>[\/vc_column_inner][vc_column_inner width=&#8221;1\/2&#8243;][vc_single_image alignment=&#8221;center&#8221; image=&#8221;603&#8243;][\/vc_column_inner][\/vc_row_inner][vc_row_inner equal_height=&#8221;yes&#8221; content_placement=&#8221;middle&#8221; gap=&#8221;10&#8243;][vc_column_inner width=&#8221;1\/2&#8243;][vc_single_image alignment=&#8221;center&#8221; image=&#8221;604&#8243;][\/vc_column_inner][vc_column_inner width=&#8221;1\/2&#8243;][vc_column_text]<\/p>\n<h2><strong>Universit\u00e0<\/strong><\/h2>\n<p>Fin dalla nascita del Centro Diagnostico <strong>Le Samaritain<\/strong>, la formazione medica e infermieristica \u00e8 stata un elemento fondamentale della strategia di intervento umanitario della ONG <span style=\"color: red;\">NEXT<\/span> onlus, sia per la produzione di lavoro che per la qualit\u00e0 dei servizi offerti.<\/p>\n<p>Da pi\u00f9 di vent\u2019anni, quindi, la <strong><span style=\"color: red;\">NEXT<\/span> onlus<\/strong> organizza periodicamente <strong>tirocini <\/strong>di<strong> formazione superiore in chirurgia, medicina interna, medicina di laboratorio, ginecologia <\/strong>sia per il personale medico, che per il personale infermieristico, presso Universit\u00e0 e Ospedali italiani oppure in loco, grazie alla presenza di specialisti expat internazionali.<\/p>\n<p><strong>Entrambe le situazioni sono sempre state regolate da convenzioni, accordi istituzionali o collaborazioni di partenariato.<\/strong>[\/vc_column_text]<a\thref=\"http:\/\/www.nextonlus.it\/il-complesso\/universita\/\" \n\t\t\t\tclass=\"button btn_medium btn_theme_color btn_rounded btn_outline icon_pos_after   \"  target='_self'><span>Scopri di<\/span> <i class='icon icon-plus5'><\/i> <\/a>[\/vc_column_inner][\/vc_row_inner][\/vc_column][\/vc_row]<\/p>\n<\/div>","protected":false},"excerpt":{"rendered":"<p>[vc_row full_width=&#8221;stretch_row&#8221; css=&#8221;.vc_custom_1559738164320{margin-bottom: 0px !important;padding-top: 80px !important;padding-bottom: 80px !important;}&#8221;][vc_column][vc_column_text]Il Complesso Ospedaliero NEXT \u00e8 costituito da due edifici: il pi\u00f9 &#8220;antico&#8221; \u00e8 la sede amministrativa e operativa del Centro Diagnostico Le Samaritain. Il secondo \u00e8 la sede dell\u2019ospedale umanitario Le Polyclinique al suo interno \u00e8 ospitata, con aule debitamente attrezzate, l\u2019Universit\u00e0 di Antsiranana (Diego Suarez).[\/vc_column_text][\/vc_column][\/vc_row][vc_row full_width=&#8221;stretch_row&#8221; css=&#8221;.vc_custom_1559738236427{margin-bottom: 0px !important;border-top-width: 1px !important;padding-top:<\/p>\n<div class=\"h10\"><\/div>\n<p><a class=\"more-link2 flat\" href=\"https:\/\/www.nextonlus.it\/en\/il-complesso-ospedaliero-en\/\">Read more<\/a><\/p>\n","protected":false},"author":9,"featured_media":0,"parent":0,"menu_order":3,"comment_status":"closed","ping_status":"closed","template":"","meta":{"footnotes":""},"class_list":["post-1189","page","type-page","status-publish","hentry"],"aioseo_notices":[],"_links":{"self":[{"href":"https:\/\/www.nextonlus.it\/en\/wp-json\/wp\/v2\/pages\/1189","targetHints":{"allow":["GET"]}}],"collection":[{"href":"https:\/\/www.nextonlus.it\/en\/wp-json\/wp\/v2\/pages"}],"about":[{"href":"https:\/\/www.nextonlus.it\/en\/wp-json\/wp\/v2\/types\/page"}],"author":[{"embeddable":true,"href":"https:\/\/www.nextonlus.it\/en\/wp-json\/wp\/v2\/users\/9"}],"replies":[{"embeddable":true,"href":"https:\/\/www.nextonlus.it\/en\/wp-json\/wp\/v2\/comments?post=1189"}],"version-history":[{"count":1,"href":"https:\/\/www.nextonlus.it\/en\/wp-json\/wp\/v2\/pages\/1189\/revisions"}],"predecessor-version":[{"id":1190,"href":"https:\/\/www.nextonlus.it\/en\/wp-json\/wp\/v2\/pages\/1189\/revisions\/1190"}],"wp:attachment":[{"href":"https:\/\/www.nextonlus.it\/en\/wp-json\/wp\/v2\/media?parent=1189"}],"curies":[{"name":"wp","href":"https:\/\/api.w.org\/{rel}","templated":true}]}}