{"id":1129,"date":"2019-06-27T15:17:10","date_gmt":"2019-06-27T13:17:10","guid":{"rendered":"http:\/\/www.nextonlus.it\/privacy-policy-en\/"},"modified":"2019-06-27T15:18:01","modified_gmt":"2019-06-27T13:18:01","slug":"privacy-policy-en","status":"publish","type":"page","link":"https:\/\/www.nextonlus.it\/en\/privacy-policy-en\/","title":{"rendered":"Privacy Policy en"},"content":{"rendered":"<div class=\"wpb-content-wrapper\"><p>[vc_row full_width=&#8221;stretch_row&#8221; css=&#8221;.vc_custom_1560871690685{margin-bottom: 0px !important;padding-top: 80px !important;padding-bottom: 80px !important;}&#8221;][vc_column][vc_column_text]Key-One srl (d\u2019ora in avanti \u201cKey-One\u201d), in qualit\u00e0 di Titolare del trattamento, presta particolare attenzione alla tutela dei dati personali dei propri utenti visitatori del sito <a href=\"http:\/\/www.key-one.it\">www.key-one.it<\/a>.<\/p>\n<p>La invitiamo, dunque, prima di comunicare qualsiasi dato personale, a leggere con attenzione la presente Privacy Policy perch\u00e9 contiene informazioni importanti sulla tutela dei Suoi dati personali.<\/p>\n<p>La presente Privacy Policy:<\/p>\n<ul>\n<li>si intende resa per il sito www.key-one.it, comprese le aree dedicate in cui l\u2019utente pu\u00f2 liberamente ed espressamente fornire una serie di dati che lo riguardano per contattare Key-One o inviare richieste;<\/li>\n<li>e\u0300 resa ai sensi e dell\u2019art. 13 del Regolamento generale UE sulla protezione dei dati (General Data Protection Regulation, di seguito \u201cGDPR\u201d) ed illustra le modalit\u00e0 di utilizzo, condivisione, accesso, modifica o cancellazione delle informazioni personali fornite dall\u2019utente. L\u2019informativa si ispira altres\u00ec alla Raccomandazione n. 2\/2001 relativa ai requisiti minimi per la raccolta di dati on-line nell\u2019Unione Europea, adottata il 17 maggio 2001 dal Gruppo di Lavoro Articolo 29.<\/li>\n<\/ul>\n<p>Questa Privacy Policy e\u0300 resa solo per questo Sito e non si applica ad altri siti web eventualmente consultati dall\u2019utente tramite link presenti nelle pagine del Sito. In caso di consultazione di altri siti web si raccomanda di consultare le rispettive privacy policy.<\/p>\n<p>* * *<\/p>\n<p>Le misure di sicurezza applicabili al presente Sito sono state definite e sviluppate per assicurare che il trattamento dei dati personali degli utenti avvenga nel rispetto dei principi di liceit\u00e0, correttezza, trasparenza, limitazione delle finalit\u00e0 e della conservazione, minimizzazione dei dati, esattezza, integrit\u00e0 e riservatezza, in conformit\u00e0 alle normative nazionali ed europee vigenti.<\/p>\n<p>* * *<\/p>\n<p>Sommario<\/p>\n<p><a href=\"#_Toc514663891\">1\u00a0\u00a0\u00a0\u00a0\u00a0 Titolare del trattamento. <\/a><\/p>\n<p><a href=\"#_Toc514663892\">2\u00a0\u00a0\u00a0\u00a0\u00a0 Dati personali oggetto di trattamento. <\/a><\/p>\n<p><a href=\"#_Toc514663893\">2.1\u00a0\u00a0\u00a0\u00a0\u00a0\u00a0 Dati di navigazione. <\/a><\/p>\n<p><a href=\"#_Toc514663894\">2.2\u00a0\u00a0\u00a0\u00a0\u00a0\u00a0 Dati forniti volontariamente dall\u2019utente. <\/a><\/p>\n<p><a href=\"#_Toc514663895\">2.3\u00a0\u00a0\u00a0\u00a0\u00a0\u00a0 Cookie. <\/a><\/p>\n<p><a href=\"#_Toc514663896\">3\u00a0\u00a0\u00a0\u00a0\u00a0 Dati di utenti minori di et\u00e0. <\/a><\/p>\n<p><a href=\"#_Toc514663897\">4\u00a0\u00a0\u00a0\u00a0\u00a0 Base giuridica e finalit\u00e0 del trattamento. <\/a><\/p>\n<p><a href=\"#_Toc514663898\">5\u00a0\u00a0\u00a0\u00a0\u00a0 Destinatari dei dati personali <\/a><\/p>\n<p><a href=\"#_Toc514663899\">6\u00a0\u00a0\u00a0\u00a0\u00a0 Trasferimento dei dati personali <\/a><\/p>\n<p><a href=\"#_Toc514663900\">7\u00a0\u00a0\u00a0\u00a0\u00a0 Conservazione dei dati personali <\/a><\/p>\n<p><a href=\"#_Toc514663901\">8\u00a0\u00a0\u00a0\u00a0\u00a0 Diritti dell\u2019interessato. <\/a><\/p>\n<p><a href=\"#_Toc514663902\">9\u00a0\u00a0\u00a0\u00a0\u00a0 Modifiche. <\/a><\/p>\n<p>&nbsp;<\/p>\n<h2><a name=\"_Toc514663891\"><\/a>1 Titolare del trattamento<\/h2>\n<p>Titolare del trattamento \u00e8 Key-One srl, con sede legale in Milano (20131), Via Donatello n. 30, C.F. e Partita IVA 04896850965.<\/p>\n<p>L\u2019elenco aggiornato dei Responsabili del trattamento e delle persone autorizzate al trattamento si trova presso la sede legale dei Titolare. Per qualsiasi ulteriore informazione o chiarimento, Key-One potr\u00e0 essere contattata all\u2019indirizzo di posta indicato, ovvero all\u2019indirizzo e-mail gdpr@key-one.it.<\/p>\n<h2><a name=\"_Toc514663892\"><\/a>2 Dati personali oggetto di trattamento<\/h2>\n<h3><a name=\"_Toc514663893\"><\/a>2.1 Dati di navigazione<\/h3>\n<p>Il trattamento di dati personali degli utenti che visitano e consultano il Sito si limita ai c.d. dati di navigazione la cui trasmissione e\u0300 necessaria per il funzionamento dei sistemi informatici e dei programmi necessari per l\u2019operativit\u00e0 del Sito ma che per la loro stessa natura potrebbero, in associazione con altri dati, permettere l\u2019individuazione degli utenti.<\/p>\n<p>Fra essi rientrano gli indirizzi IP o i nomi dei computer utilizzati dagli utenti che si connettono al Sito, gli indirizzi URI (Uniform Resource Identifier) delle risorse richieste, l\u2019orario della richiesta, il metodo utilizzato nel sottoporre la richiesta al server, la dimensione del file ottenuto i risposta, il codice numerico indicante lo stato della risposta data dal server (buon fine, errore, etc.) e altri parametri relativi al sistema operativo e alla piattaforma informatica adoperata dall\u2019utente.<\/p>\n<p>Questi dati vengono utilizzati al solo fine di ricavare informazioni statistiche anonime sull\u2019uso del Sito e per controllarne il corretto funzionamento. Tali dati potranno, inoltre, essere utilizzati per l\u2019accertamento di responsabilit\u00e0 nel caso di commissione di reati informatici ai danni del Sito conformemente alle procedure vigenti presso le Autorit\u00e0 competenti.<\/p>\n<p>Salva questa eventualit\u00e0, i dati di navigazione sono conservati solo temporaneamente nel rispetto della normativa applicabile.<\/p>\n<h3><a name=\"_Toc514663894\"><\/a>2.2 Dati forniti volontariamente dall\u2019utente<\/h3>\n<p>Per accedere ai contenuti del sito non \u00e8 necessario procedere ad alcuna registrazione. Esistono tuttavia all\u2019interno del Sito dei servizi per il cui utilizzo \u00e8 necessario fornire i propri dati<\/p>\n<p>Qualora Key-One acquisisca informazioni e dati personali informer\u00e0 preventivamente gli utenti circa le finalit\u00e0 per cui tali dati sono richiesti e delle modalit\u00e0 con cui saranno utilizzati.<\/p>\n<p>A titolo esemplificativo, se l\u2019Utente decide di contattare Key-One attraverso i moduli di contatto potranno essere richiesti dati personali quali nome e cognome, numero di telefono, l\u2019indirizzo di posta elettronica ed eventuali altre informazioni che l\u2019utente accetta di fornire. L\u2019Utente, in tal caso, acconsente al loro utilizzo per rispondere alle richieste di informazioni, di preventivo, o di qualunque altra natura indicata dall\u2019intestazione del modulo.<\/p>\n<p>Ove necessario, Key-One provveder\u00e0 ad acquisire il consenso specifico dell\u2019utente al relativo utilizzo dei dati.<\/p>\n<h3><a name=\"_Toc514663895\"><\/a>2.3 Cookie<\/h3>\n<p>Key-One utilizza cookies attraverso questo Sito. Per tutte le informazioni al riguardo, si rinvia all\u2019apposita <a href=\"http:\/\/www.nextonlus.it\/en\/cookie-policy\/\" target=\"_blank\" rel=\"noopener noreferrer\">Cookie Policy<\/a><\/p>\n<h2><a name=\"_Toc514663896\"><\/a>3 Dati di utenti minori di et\u00e0<\/h2>\n<p>Il Sito non e\u0300 rivolto a minori e Key-One non raccoglie volutamente dati personali dagli stessi. Nel caso di registrazione accidentale di qualsiasi informazione su minori, Key-One provveder\u00e0 a cancellarle in modo tempestivo su richiesta degli utenti.<\/p>\n<h2><a name=\"_Toc514663897\"><\/a>4 Base giuridica e finalit\u00e0 del trattamento<\/h2>\n<p>La seguente tabella illustra il fondamento giuridico e i motivi per cui i dati dell\u2019Utente possono essere trattati da Key-One<\/p>\n<p>&nbsp;<\/p>\n<table width=\"100%\">\n<tbody>\n<tr>\n<td width=\"50%\"><strong><em>BASE GIURIDICA<\/em><\/strong><\/td>\n<td width=\"50%\"><strong><em>FINALIT\u00c0<\/em><\/strong><\/td>\n<\/tr>\n<tr>\n<td><strong><em>Contratto<\/em><\/strong><br \/>\n<em>In alcuni casi \u00e8 necessario trattare i dati personali dell\u2019Utente per eseguire il nostro contratto con riferimento all\u2019utilizzo del sito<\/em><\/td>\n<td width=\"321\">\n<ul>\n<li>Consentire l\u2019accesso al Sito Web e consentirne il corretto utilizzo all\u2019Utente<\/li>\n<li>Evadere le richieste dell\u2019utente e fornire informazioni<\/li>\n<\/ul>\n<\/td>\n<\/tr>\n<tr>\n<td>\n<p><em><strong>Interesse legittimo<\/strong><\/em><\/p>\n<p><em>Raccogliamo e trattiamo i dati personali per migliorare e monitorare l\u2019efficienza del Sito e offrire servizi aggiornati<\/em><\/td>\n<td>\n<ul>\n<li>Migliorare l\u2019efficienza del Sito<\/li>\n<li>Effettuare analisi statistiche sull\u2019efficienza e sul funzionamento del Sito<\/li>\n<li>Garantire la migliore esperienza possibile all\u2019Utente nella navigazione del Sito<\/li>\n<\/ul>\n<\/td>\n<\/tr>\n<tr>\n<td>\n<p><em><strong>Adempimento degli obblighi di legge <\/strong><\/em><\/p>\n<p><em>Potremmo utilizzare i dati forniti per soddisfare richieste provenienti dalle autorit\u00e0 e per l\u2019adempimento degli obblighi connessi alla sicurezza<\/em><\/td>\n<td>\n<ul>\n<li>In alcuni casi potremmo aver necessit\u00e0 di usare le vostre informazioni per gestire e risolvere controversie legali e garantire la sicurezza del Sito e degli utenti<\/li>\n<\/ul>\n<\/td>\n<\/tr>\n<tr>\n<td>\n<p><em><strong>Consenso<\/strong><\/em><\/p>\n<p><em>Previo consenso dell\u2019utente potremo effettuare attivit\u00e0 di marketing<\/em><\/td>\n<td>\n<ul>\n<li>Con il consenso dell\u2019utente potremo inviarti comunicazioni commerciali per aggiornarti sui nostri prodotti e servizi e renderti partecipe delle nostre ultime novit\u00e0<\/li>\n<\/ul>\n<\/td>\n<\/tr>\n<tr>\n<td><em>Previo consenso dell\u2019utente potremo effettuare profilazione sull\u2019attivit\u00e0 del sito<\/em><\/td>\n<td>\n<ul>\n<li>Con il consenso dell\u2019utente potremo svolgere attivit\u00e0 di profilazione, utilizzando i cookie e tecnologie simili, al fine di migliorare l\u2019esperienza di navigazione sul nostro Sito e offrirti un servizio personalizzato. Per maggiori informazioni, leggi la nostra <a href=\"http:\/\/www.nextonlus.it\/en\/cookie-policy\/\" target=\"_blank\" rel=\"noopener noreferrer\">cookie policy<\/a><\/li>\n<\/ul>\n<\/td>\n<\/tr>\n<\/tbody>\n<\/table>\n<p>&nbsp;<\/p>\n<h2><a name=\"_Toc514663898\"><\/a>5 Destinatari dei dati personali<\/h2>\n<p>I dati personali dell\u2019utente potranno essere condivisi, per le finalit\u00e0 di cui alla al paragrafo 4 della presente Privacy Policy, con:<\/p>\n<ul>\n<li>soggetti che agiscono in qualit\u00e0 di Responsabili del trattamento quali, a titolo esemplificativo: persone, societ\u00e0 o studi professionali che prestano attivit\u00e0 di assistenza e consulenza a Key-One in materia contabile, amministrativa, legale, tributaria e finanziaria; soggetti delegati a svolgere servizi di natura tecnica; istituti di credito e compagnie assicurative;<\/li>\n<li>persone autorizzate da Key-One al trattamento di dati personali per le attivit\u00e0 strettamente correlate all\u2019erogazione dei servizi, che abbiano un adeguato obbligo legale di riservatezza;<\/li>\n<li>forze di polizia, forze armate ed altre amministrazioni pubbliche al fine di adempiere gli obblighi previsti da leggi, regolamenti e dalla normativa nazionale o europea nonch\u00e9 ad agenzie o professionisti per la riscossione crediti (ad es. debiti insoluti nei nostri confronti) o per consentire la difesa in giudizio di Key-One, per esempio nel caso di violazioni della rete da parte degli utenti;<\/li>\n<li>solo con lo specifico consenso dell\u2019utente, i dati personali potranno essere comunicati a partner commerciali di Key-One o a terzi (fermo restando da parte di questi l\u2019adozione di criteri di sicurezza e protezione dei dati in linea con la normativa vigente) per finalit\u00e0 di marketing e profilazione come sopra descritte.<\/li>\n<\/ul>\n<h2><a name=\"_Toc514663899\"><\/a>6 Trasferimento dei dati personali<\/h2>\n<p>Key-One non trasferisce dati personali in paesi terzi o a organizzazioni internazionali. Tuttavia, si riserva la possibilit\u00e0 di utilizzare servizi in cloud. In tal caso, i fornitori dei servizi saranno selezionati tra coloro che forniscono garanzie adeguate, cosi\u0300 come previsto dall\u2019art. 46 GDPR 679\/16. Il trattamento, pertanto, avverr\u00e0 secondo una delle modalit\u00e0 consentite dalla legge vigente, quali ad esempio l\u2019adozione di Clausole Standard approvate dalla Commissione Europea, la selezione di soggetti aderenti a programmi internazionali per la libera circolazione dei dati, (es. EU-USA Privacy Shield) o operanti in Paesi considerati sicuri dalla Commissione Europea.<\/p>\n<h2><a name=\"_Toc514663900\"><\/a>7 Conservazione dei dati personali<\/h2>\n<p>I sistemi informativi e i programmi informatici utilizzati da Key-One sono configurati in modo da ridurre al minimo l\u2019uso di dati personali e identificativi; tali dati sono trattati solo per il conseguimento delle specifiche finalit\u00e0 di volta in volta perseguite; in ogni caso il criterio utilizzato per determinare il periodo di conservazione e\u0300 improntato al rispetto dei termini consentiti dalle leggi applicabili e dai principi di minimizzazione del trattamento e di razionale gestione degli archivi.<\/p>\n<h2><a name=\"_Toc514663901\"><\/a>8 Diritti dell\u2019interessato<\/h2>\n<p>Ai sensi degli artt. 15 e ss. del Regolamento, l\u2019utente ha il diritto di chiedere a Key-One, in qualunque momento, l\u2019accesso ai propri dati personali, la rettifica o la cancellazione degli stessi, o di opporsi al loro trattamento ai sensi dell\u2019art. 21 del GDPR. Ha, inoltre, diritto di richiedere la limitazione del trattamento nei casi previsti dall\u2019art. 18 del GDPR, nonch\u00e9 di ottenere in un formato strutturato, di uso comune e leggibile da dispositivo automatico i dati che la riguardano, nei casi previsti dall\u2019art. 20 del GDPR.<\/p>\n<p>Le richieste vanno rivolte per iscritto al Titolare ai recapiti indicati al paragrafo n. 1 della presente Privacy Policy.<\/p>\n<p>In ogni caso l\u2019utente ha sempre diritto di proporre reclamo all\u2019Autorit\u00e0 di controllo competente (Garante per la protezione dei dati personali), ai sensi dell\u2019art. 77 del Regolamento, qualora ritenga che il trattamento dei propri dati sia contrario alla normativa in vigore.<\/p>\n<h2><a name=\"_Toc514663902\"><\/a>9 Modifiche<\/h2>\n<p>Key-One si riserva di modificare o semplicemente aggiornare il contenuto della presente Privacy Policy, in parte o completamente, anche a causa di variazioni della normativa applicabile.<\/p>\n<p>Key-One invita, pertanto, i propri utenti a visitare con regolarit\u00e0 questa sezione in modo da essere sempre aggiornato sui dati raccolti e sull\u2019uso che ne fa il Titolare del trattamento.[\/vc_column_text][\/vc_column][\/vc_row]<\/p>\n<\/div>","protected":false},"excerpt":{"rendered":"<p>[vc_row full_width=&#8221;stretch_row&#8221; css=&#8221;.vc_custom_1560871690685{margin-bottom: 0px !important;padding-top: 80px !important;padding-bottom: 80px !important;}&#8221;][vc_column][vc_column_text]Key-One srl (d\u2019ora in avanti \u201cKey-One\u201d), in qualit\u00e0 di Titolare del trattamento, presta particolare attenzione alla tutela dei dati personali dei propri utenti visitatori del sito www.key-one.it. La invitiamo, dunque, prima di comunicare qualsiasi dato personale, a leggere con attenzione la presente Privacy Policy perch\u00e9 contiene informazioni importanti sulla tutela dei Suoi<\/p>\n<div class=\"h10\"><\/div>\n<p><a class=\"more-link2 flat\" href=\"https:\/\/www.nextonlus.it\/en\/privacy-policy-en\/\">Read more<\/a><\/p>\n","protected":false},"author":9,"featured_media":0,"parent":0,"menu_order":0,"comment_status":"closed","ping_status":"closed","template":"","meta":{"footnotes":""},"class_list":["post-1129","page","type-page","status-publish","hentry"],"aioseo_notices":[],"_links":{"self":[{"href":"https:\/\/www.nextonlus.it\/en\/wp-json\/wp\/v2\/pages\/1129","targetHints":{"allow":["GET"]}}],"collection":[{"href":"https:\/\/www.nextonlus.it\/en\/wp-json\/wp\/v2\/pages"}],"about":[{"href":"https:\/\/www.nextonlus.it\/en\/wp-json\/wp\/v2\/types\/page"}],"author":[{"embeddable":true,"href":"https:\/\/www.nextonlus.it\/en\/wp-json\/wp\/v2\/users\/9"}],"replies":[{"embeddable":true,"href":"https:\/\/www.nextonlus.it\/en\/wp-json\/wp\/v2\/comments?post=1129"}],"version-history":[{"count":1,"href":"https:\/\/www.nextonlus.it\/en\/wp-json\/wp\/v2\/pages\/1129\/revisions"}],"predecessor-version":[{"id":1130,"href":"https:\/\/www.nextonlus.it\/en\/wp-json\/wp\/v2\/pages\/1129\/revisions\/1130"}],"wp:attachment":[{"href":"https:\/\/www.nextonlus.it\/en\/wp-json\/wp\/v2\/media?parent=1129"}],"curies":[{"name":"wp","href":"https:\/\/api.w.org\/{rel}","templated":true}]}}